{"id":300,"date":"2021-05-14T08:55:09","date_gmt":"2021-05-14T08:55:09","guid":{"rendered":"https:\/\/conver-autoadhesivos.com\/blog\/?page_id=300"},"modified":"2021-05-14T08:55:28","modified_gmt":"2021-05-14T08:55:28","slug":"label-future-registro","status":"publish","type":"page","link":"https:\/\/conver-autoadhesivos.com\/blog\/label-future-registro\/","title":{"rendered":"label-future-registro"},"content":{"rendered":"<div role=\"form\" class=\"wpcf7\" id=\"wpcf7-f256-o1\" lang=\"es-ES\" dir=\"ltr\">\n<div class=\"screen-reader-response\"><p role=\"status\" aria-live=\"polite\" aria-atomic=\"true\"><\/p> <ul><\/ul><\/div>\n<form action=\"\/blog\/wp-json\/wp\/v2\/pages\/300#wpcf7-f256-o1\" method=\"post\" class=\"wpcf7-form init\" novalidate=\"novalidate\" data-status=\"init\">\n<div style=\"display: none;\">\n<input type=\"hidden\" name=\"_wpcf7\" value=\"256\" \/>\n<input type=\"hidden\" name=\"_wpcf7_version\" value=\"5.4.1\" \/>\n<input type=\"hidden\" name=\"_wpcf7_locale\" value=\"es_ES\" \/>\n<input type=\"hidden\" name=\"_wpcf7_unit_tag\" value=\"wpcf7-f256-o1\" \/>\n<input type=\"hidden\" name=\"_wpcf7_container_post\" value=\"0\" \/>\n<input type=\"hidden\" name=\"_wpcf7_posted_data_hash\" value=\"\" \/>\n<input type=\"hidden\" name=\"_wpcf7_recaptcha_response\" value=\"\" \/>\n<\/div>\n<p><span class=\"wpcf7-form-control-wrap menu-449\"><select name=\"menu-449\" class=\"wpcf7-form-control wpcf7-select\" aria-invalid=\"false\"><option value=\"Webinar: Tu Packaging debe ser sostenible y tambi\u00e9n demostrarlo \u00bfSabes c\u00f3mo?\">Webinar: Tu Packaging debe ser sostenible y tambi\u00e9n demostrarlo \u00bfSabes c\u00f3mo?<\/option><option value=\"Webinar: \u00bfC\u00f3mo recircular el packaging?\">Webinar: \u00bfC\u00f3mo recircular el packaging?<\/option><option value=\"Webinar: Sistema Linerless para un packaging m\u00e1s sostenible\">Webinar: Sistema Linerless para un packaging m\u00e1s sostenible<\/option><option value=\"\u00bfQu\u00e9 etiqueta debo utilizar en un packaging compostable?\">\u00bfQu\u00e9 etiqueta debo utilizar en un packaging compostable?<\/option><\/select><\/span><\/p>\n<p><label><span class=\"wpcf7-form-control-wrap your-name\"><input type=\"text\" name=\"your-name\" value=\"\" size=\"40\" class=\"wpcf7-form-control wpcf7-text wpcf7-validates-as-required\" aria-required=\"true\" aria-invalid=\"false\" placeholder=\"Nombre*\" \/><\/span> <\/label><\/p>\n<p><label><span class=\"wpcf7-form-control-wrap your-empresa\"><input type=\"text\" name=\"your-empresa\" value=\"\" size=\"40\" class=\"wpcf7-form-control wpcf7-text wpcf7-validates-as-required\" aria-required=\"true\" aria-invalid=\"false\" placeholder=\"Empresa* \/ Company\" \/><\/span> <\/label><\/p>\n<p><label><span class=\"wpcf7-form-control-wrap your-email\"><input type=\"email\" name=\"your-email\" value=\"\" size=\"40\" class=\"wpcf7-form-control wpcf7-text wpcf7-email wpcf7-validates-as-required wpcf7-validates-as-email\" aria-required=\"true\" aria-invalid=\"false\" placeholder=\"Email*\" \/><\/span> <\/label><\/p>\n<p><label> <span class=\"wpcf7-form-control-wrap your-phone\"><input type=\"text\" name=\"your-phone\" value=\"\" size=\"40\" class=\"wpcf7-form-control wpcf7-text wpcf7-validates-as-required\" aria-required=\"true\" aria-invalid=\"false\" placeholder=\"Tel\u00e9fono \/ Phone*\" \/><\/span> <\/label><\/p>\n<p><label>  <span class=\"wpcf7-form-control-wrap your-message\"><textarea name=\"your-message\" cols=\"40\" rows=\"10\" class=\"wpcf7-form-control wpcf7-textarea wpcf7-validates-as-required\" aria-required=\"true\" aria-invalid=\"false\" placeholder=\"Preguntas o informaci\u00f3n adicional \/ Questions or additional information\"><\/textarea><\/span><\/label><\/p>\n<p><span class=\"wpcf7-form-control-wrap checkbox-news\"><span class=\"wpcf7-form-control wpcf7-checkbox\"><span class=\"wpcf7-list-item first last\"><input type=\"checkbox\" name=\"checkbox-news[]\" value=\"Autorizo el env\u00edo del bolet\u00edn de noticias.\" \/><span class=\"wpcf7-list-item-label\">Autorizo el env\u00edo del bolet\u00edn de noticias.<\/span><\/span><\/span><\/span><br \/>\n<span class=\"wpcf7-form-control-wrap acceptance-307\"><span class=\"wpcf7-form-control wpcf7-acceptance\"><span class=\"wpcf7-list-item\"><input type=\"checkbox\" name=\"acceptance-307\" value=\"1\" aria-invalid=\"false\" \/><\/span><\/span><\/span> He le\u00eddo y acepto la <a href=\"https:\/\/conver-autoadhesivos.com\/politica-privacidad.php\" target=\"_blank\">pol\u00edtica de privacidad.<\/a><\/p>\n<p style=\"font-size=\"9px\">\n<strong>INFORMACI\u00d3N B\u00c1SICA DE PROTECCI\u00d3N DE DATOS:<\/strong><br \/>\nResponsable del tratamiento: CONVER AUTOADHESIVOS, S.A.<br \/>\nFinalidad del tratamiento: Gestionar las consultas planteadas y el env\u00edo de newsletters, comunicaciones comerciales y promociones.<br \/>\nLegitimaci\u00f3n del tratamiento: Inter\u00e9s leg\u00edtimo y consentimiento del interesado\/a.<br \/>\nConservaci\u00f3n de los datos: Se conservar\u00e1n mientras exista un inter\u00e9s mutuo o durante el tiempo necesario para el cumplimiento de las obligaciones legales.<br \/>\nDestinatarios: Prestadores de servicio o colaboradores.<br \/>\nDerechos: Derecho a retirar el consentimiento en cualquier momento. Derecho de acceso, rectificaci\u00f3n, portabilidad y supresi\u00f3n de sus datos y a la limitaci\u00f3n u oposici\u00f3n al su tratamiento. Datos de contacto para ejercer sus derechos: conver@conver-autoadhesivos.com<br \/>\nInformaci\u00f3n adicional: Puede consultar la informaci\u00f3n adicional en nuestra Pol\u00edtica de Privacidad.\n<\/p>\n<p><input type=\"submit\" value=\"Enviar\" class=\"wpcf7-form-control wpcf7-submit\" \/><\/p>\n<div class=\"wpcf7-response-output\" aria-hidden=\"true\"><\/div><\/form><\/div>\n","protected":false},"excerpt":{"rendered":"","protected":false},"author":1,"featured_media":0,"parent":0,"menu_order":0,"comment_status":"closed","ping_status":"closed","template":"template-parts\/page-labelfuture.php","meta":[],"_links":{"self":[{"href":"https:\/\/conver-autoadhesivos.com\/blog\/wp-json\/wp\/v2\/pages\/300"}],"collection":[{"href":"https:\/\/conver-autoadhesivos.com\/blog\/wp-json\/wp\/v2\/pages"}],"about":[{"href":"https:\/\/conver-autoadhesivos.com\/blog\/wp-json\/wp\/v2\/types\/page"}],"author":[{"embeddable":true,"href":"https:\/\/conver-autoadhesivos.com\/blog\/wp-json\/wp\/v2\/users\/1"}],"replies":[{"embeddable":true,"href":"https:\/\/conver-autoadhesivos.com\/blog\/wp-json\/wp\/v2\/comments?post=300"}],"version-history":[{"count":2,"href":"https:\/\/conver-autoadhesivos.com\/blog\/wp-json\/wp\/v2\/pages\/300\/revisions"}],"predecessor-version":[{"id":302,"href":"https:\/\/conver-autoadhesivos.com\/blog\/wp-json\/wp\/v2\/pages\/300\/revisions\/302"}],"wp:attachment":[{"href":"https:\/\/conver-autoadhesivos.com\/blog\/wp-json\/wp\/v2\/media?parent=300"}],"curies":[{"name":"wp","href":"https:\/\/api.w.org\/{rel}","templated":true}]}}