{"id":317,"date":"2021-05-25T13:38:39","date_gmt":"2021-05-25T13:38:39","guid":{"rendered":"https:\/\/conver-autoadhesivos.com\/blog\/?page_id=317"},"modified":"2021-05-25T13:39:01","modified_gmt":"2021-05-25T13:39:01","slug":"label-future-encuesta","status":"publish","type":"page","link":"https:\/\/conver-autoadhesivos.com\/blog\/label-future-encuesta\/","title":{"rendered":"label-future-encuesta"},"content":{"rendered":"<div role=\"form\" class=\"wpcf7\" id=\"wpcf7-f316-o1\" lang=\"es-ES\" dir=\"ltr\">\n<div class=\"screen-reader-response\"><p role=\"status\" aria-live=\"polite\" aria-atomic=\"true\"><\/p> <ul><\/ul><\/div>\n<form action=\"\/blog\/wp-json\/wp\/v2\/pages\/317#wpcf7-f316-o1\" method=\"post\" class=\"wpcf7-form init\" novalidate=\"novalidate\" data-status=\"init\">\n<div style=\"display: none;\">\n<input type=\"hidden\" name=\"_wpcf7\" value=\"316\" \/>\n<input type=\"hidden\" name=\"_wpcf7_version\" value=\"5.4.1\" \/>\n<input type=\"hidden\" name=\"_wpcf7_locale\" value=\"es_ES\" \/>\n<input type=\"hidden\" name=\"_wpcf7_unit_tag\" value=\"wpcf7-f316-o1\" \/>\n<input type=\"hidden\" name=\"_wpcf7_container_post\" value=\"0\" \/>\n<input type=\"hidden\" name=\"_wpcf7_posted_data_hash\" value=\"\" \/>\n<input type=\"hidden\" name=\"_wpcf7_recaptcha_response\" value=\"\" \/>\n<\/div>\n<p><label><strong> \u00bfEncuentras interesante el Programa Label&Future?<\/strong><\/label><br \/>\n<span class=\"wpcf7-form-control-wrap radio-742\"><span class=\"wpcf7-form-control wpcf7-radio\"><span class=\"wpcf7-list-item first\"><label><input type=\"radio\" name=\"radio-742\" value=\"1\" \/><span class=\"wpcf7-list-item-label\">1<\/span><\/label><\/span><span class=\"wpcf7-list-item\"><label><input type=\"radio\" name=\"radio-742\" value=\"2\" \/><span class=\"wpcf7-list-item-label\">2<\/span><\/label><\/span><span class=\"wpcf7-list-item\"><label><input type=\"radio\" name=\"radio-742\" value=\"3\" \/><span class=\"wpcf7-list-item-label\">3<\/span><\/label><\/span><span class=\"wpcf7-list-item\"><label><input type=\"radio\" name=\"radio-742\" value=\"4\" \/><span class=\"wpcf7-list-item-label\">4<\/span><\/label><\/span><span class=\"wpcf7-list-item last\"><label><input type=\"radio\" name=\"radio-742\" value=\"5\" checked=\"checked\" \/><span class=\"wpcf7-list-item-label\">5<\/span><\/label><\/span><\/span><\/span><\/p>\n<p><label> <strong>\u00bfNecesitas informaci\u00f3n adicional?<\/strong><br \/>\n    <span class=\"wpcf7-form-control-wrap your-info\"><input type=\"text\" name=\"your-info\" value=\"\" size=\"40\" class=\"wpcf7-form-control wpcf7-text wpcf7-validates-as-required\" aria-required=\"true\" aria-invalid=\"false\" \/><\/span> <\/label><\/p>\n<p><label><strong> \u00bfQu\u00e9 otras tem\u00e1ticas o tipos de etiquetas y sistemas te interesar\u00eda que present\u00e1ramos?<\/strong><br \/>\n    <span class=\"wpcf7-form-control-wrap your-tematicas\"><input type=\"text\" name=\"your-tematicas\" value=\"\" size=\"40\" class=\"wpcf7-form-control wpcf7-text wpcf7-validates-as-required\" aria-required=\"true\" aria-invalid=\"false\" \/><\/span> <\/label><\/p>\n<p><label><strong> \u00bfQuieres presentarnos tu testimonio o caso de \u00e9xito en alguna aplicaci\u00f3n reciente que hayas incorporado?<\/strong><br \/>\n    <span class=\"wpcf7-form-control-wrap testimonio\"><textarea name=\"testimonio\" cols=\"40\" rows=\"10\" class=\"wpcf7-form-control wpcf7-textarea\" aria-invalid=\"false\"><\/textarea><\/span> <\/label><\/p>\n<p><label> <strong>\u00bfQu\u00e9 d\u00eda y horas son las mejores para que puedas apuntarte al pr\u00f3ximo webinar?<\/strong><\/label><br \/>\n<span class=\"wpcf7-form-control-wrap radio-327\"><span class=\"wpcf7-form-control wpcf7-radio\"><span class=\"wpcf7-list-item first\"><input type=\"radio\" name=\"radio-327\" value=\"Ma\u00f1anas (de 10:00 a 12:00)\" checked=\"checked\" \/><span class=\"wpcf7-list-item-label\">Ma\u00f1anas (de 10:00 a 12:00)<\/span><\/span><span class=\"wpcf7-list-item last\"><input type=\"radio\" name=\"radio-327\" value=\"Tardes (de 16:00 a 18:00)\" \/><span class=\"wpcf7-list-item-label\">Tardes (de 16:00 a 18:00)<\/span><\/span><\/span><\/span><\/p>\n<p><br\/><\/p>\n<p><span class=\"wpcf7-form-control-wrap checkbox-news\"><span class=\"wpcf7-form-control wpcf7-checkbox\"><span class=\"wpcf7-list-item first last\"><input type=\"checkbox\" name=\"checkbox-news[]\" value=\"Autorizo el env\u00edo del bolet\u00edn de noticias.\" \/><span class=\"wpcf7-list-item-label\">Autorizo el env\u00edo del bolet\u00edn de noticias.<\/span><\/span><\/span><\/span><br \/>\n<span class=\"wpcf7-form-control-wrap acceptance-307\"><span class=\"wpcf7-form-control wpcf7-acceptance\"><span class=\"wpcf7-list-item\"><input type=\"checkbox\" name=\"acceptance-307\" value=\"1\" aria-invalid=\"false\" \/><\/span><\/span><\/span> He le\u00eddo y acepto la <a href=\"https:\/\/conver-autoadhesivos.com\/politica-privacidad.php\" target=\"_blank\">pol\u00edtica de privacidad.<\/a><\/p>\n<p style=\"font-size=\"9px\">\n<strong>INFORMACI\u00d3N B\u00c1SICA DE PROTECCI\u00d3N DE DATOS:<\/strong><br \/>\nResponsable del tratamiento: CONVER AUTOADHESIVOS, S.A.<br \/>\nFinalidad del tratamiento: Gestionar las consultas planteadas y el env\u00edo de newsletters, comunicaciones comerciales y promociones.<br \/>\nLegitimaci\u00f3n del tratamiento: Inter\u00e9s leg\u00edtimo y consentimiento del interesado\/a.<br \/>\nConservaci\u00f3n de los datos: Se conservar\u00e1n mientras exista un inter\u00e9s mutuo o durante el tiempo necesario para el cumplimiento de las obligaciones legales.<br \/>\nDestinatarios: Prestadores de servicio o colaboradores.<br \/>\nDerechos: Derecho a retirar el consentimiento en cualquier momento. Derecho de acceso, rectificaci\u00f3n, portabilidad y supresi\u00f3n de sus datos y a la limitaci\u00f3n u oposici\u00f3n al su tratamiento. Datos de contacto para ejercer sus derechos: conver@conver-autoadhesivos.com<br \/>\nInformaci\u00f3n adicional: Puede consultar la informaci\u00f3n adicional en nuestra Pol\u00edtica de Privacidad.\n<\/p>\n<p><input type=\"submit\" value=\"Enviar\" class=\"wpcf7-form-control wpcf7-submit\" \/><\/p>\n<div class=\"wpcf7-response-output\" aria-hidden=\"true\"><\/div><\/form><\/div>\n","protected":false},"excerpt":{"rendered":"","protected":false},"author":1,"featured_media":0,"parent":0,"menu_order":0,"comment_status":"closed","ping_status":"closed","template":"template-parts\/page-labelfuture.php","meta":[],"_links":{"self":[{"href":"https:\/\/conver-autoadhesivos.com\/blog\/wp-json\/wp\/v2\/pages\/317"}],"collection":[{"href":"https:\/\/conver-autoadhesivos.com\/blog\/wp-json\/wp\/v2\/pages"}],"about":[{"href":"https:\/\/conver-autoadhesivos.com\/blog\/wp-json\/wp\/v2\/types\/page"}],"author":[{"embeddable":true,"href":"https:\/\/conver-autoadhesivos.com\/blog\/wp-json\/wp\/v2\/users\/1"}],"replies":[{"embeddable":true,"href":"https:\/\/conver-autoadhesivos.com\/blog\/wp-json\/wp\/v2\/comments?post=317"}],"version-history":[{"count":2,"href":"https:\/\/conver-autoadhesivos.com\/blog\/wp-json\/wp\/v2\/pages\/317\/revisions"}],"predecessor-version":[{"id":319,"href":"https:\/\/conver-autoadhesivos.com\/blog\/wp-json\/wp\/v2\/pages\/317\/revisions\/319"}],"wp:attachment":[{"href":"https:\/\/conver-autoadhesivos.com\/blog\/wp-json\/wp\/v2\/media?parent=317"}],"curies":[{"name":"wp","href":"https:\/\/api.w.org\/{rel}","templated":true}]}}